{"id":8,"date":"2021-11-07T21:17:01","date_gmt":"2021-11-07T21:17:01","guid":{"rendered":"https:\/\/ibhr.eu\/?page_id=8"},"modified":"2026-03-03T11:59:44","modified_gmt":"2026-03-03T11:59:44","slug":"philosophie","status":"publish","type":"page","link":"https:\/\/ibhr.eu\/","title":{"rendered":"Initiative B\u00fcrgerbegegnungen Hannover &#8211; Rouen: Wir verbinden Menschen"},"content":{"rendered":"\n<p><\/p>\n\n\n\n<p>Die St\u00e4dte Hannover und Rouen blicken inzwischen auf \u00fcber 60 Jahre Partnerschaft zur\u00fcck\u00a0\u2013\u00a0gelebte Ereignisse und Beziehungen in den Bereichen Bildung, Kunst, Kultur und Sport. In diesem Rahmen haben B\u00fcrgerbegegnungen die wechselseitigen Beziehungen dauerhaft bereichert, gest\u00e4rkt und sich zu einer Tradition mit vielen pers\u00f6nlichen Kontakten entwickelt.<\/p>\n\n\n\n<p><\/p>\n\n\n\n<p>Die Partnergruppen LES AMIS DU JUMELAGE HANOVRE-ROUEN und die INITIATIVE B\u00dcRGERBEGEGNUNGEN HANNOVER-ROUEN treffen sich einmal j\u00e4hrlich f\u00fcr eine Woche abwechselnd in Hannover und Rouen.<\/p>\n\n\n\n<p>Die Freundinnen und Freunde der IBHR treffen sich mehrmals j\u00e4hrlich zum RENCONTRE (siehe Termine) zur Diskussion unserer Begegnungsvorhaben wie auch zu kulturellen Aktivit\u00e4ten. Die Teilnahme am RENCONTRE ist kostenlos und offen f\u00fcr alle Interessierten. Unsere Projekte sind intergenerationell ausgerichtet.<\/p>\n\n\n\n<p>Der Kreis der Freundinnen und Freunde der IBHR ist offen f\u00fcr hannoversche B\u00fcrger*innen, vorrangig aus dem fokussierten Zust\u00e4ndigkeitsbereich der Landeshauptstadt Hannover.<\/p>\n\n\n\n<p>Mitmachen kann jede\/r mit Interesse an franz\u00f6sischer Lebensart und Kultur, gemeinsamen Reisen nach Rouen und der Bereitschaft zu Begegnung und Dialog mit B\u00fcrgerinnen und B\u00fcrgern unserer franz\u00f6sischen Partnergemeinde beim Besuch in Hannover. Es wird erwartet, sich aktiv in das Begegnungsprogramm einzubringen. Privatquartiere f\u00fcr unsere G\u00e4ste aus Rouen werden \u00fcblicherweise aus dem Kreis der IBHR-Freund*innen angeboten.<\/p>\n\n\n\n<p>Kenntnisse der franz\u00f6sischen Sprache sind w\u00fcnschenswert.<br><br><strong>Wir verbinden Menschen<\/strong> &#8211; ganz im Sinne von Jean Monnet, 1888-1979<\/p>\n\n\n<!-- wp:themify-builder\/canvas \/-->","protected":false},"excerpt":{"rendered":"<p>Die St\u00e4dte Hannover und Rouen blicken inzwischen auf \u00fcber 60 Jahre Partnerschaft zur\u00fcck\u00a0\u2013\u00a0gelebte Ereignisse und Beziehungen in den Bereichen Bildung, Kunst, Kultur und Sport. In diesem Rahmen haben B\u00fcrgerbegegnungen die [&hellip;]<\/p>\n","protected":false},"author":1,"featured_media":0,"parent":0,"menu_order":0,"comment_status":"closed","ping_status":"closed","template":"","meta":{"footnotes":""},"class_list":["post-8","page","type-page","status-publish","hentry","has-post-title","has-post-date","has-post-category","has-post-tag","has-post-comment","has-post-author",""],"builder_content":"","_links":{"self":[{"href":"https:\/\/ibhr.eu\/index.php?rest_route=\/wp\/v2\/pages\/8","targetHints":{"allow":["GET"]}}],"collection":[{"href":"https:\/\/ibhr.eu\/index.php?rest_route=\/wp\/v2\/pages"}],"about":[{"href":"https:\/\/ibhr.eu\/index.php?rest_route=\/wp\/v2\/types\/page"}],"author":[{"embeddable":true,"href":"https:\/\/ibhr.eu\/index.php?rest_route=\/wp\/v2\/users\/1"}],"replies":[{"embeddable":true,"href":"https:\/\/ibhr.eu\/index.php?rest_route=%2Fwp%2Fv2%2Fcomments&post=8"}],"version-history":[{"count":27,"href":"https:\/\/ibhr.eu\/index.php?rest_route=\/wp\/v2\/pages\/8\/revisions"}],"predecessor-version":[{"id":1754,"href":"https:\/\/ibhr.eu\/index.php?rest_route=\/wp\/v2\/pages\/8\/revisions\/1754"}],"wp:attachment":[{"href":"https:\/\/ibhr.eu\/index.php?rest_route=%2Fwp%2Fv2%2Fmedia&parent=8"}],"curies":[{"name":"wp","href":"https:\/\/api.w.org\/{rel}","templated":true}]}}